{"id":303,"date":"2017-11-09T15:10:39","date_gmt":"2017-11-09T15:10:39","guid":{"rendered":"http:\/\/wp-master-powergo.eliappwordpress1sto.elisys-servers.ca\/?page_id=303"},"modified":"2024-02-13T15:15:49","modified_gmt":"2024-02-13T20:15:49","slug":"produits-occasion","status":"publish","type":"page","link":"https:\/\/motorsportsmaroc.com\/fr\/produits-occasion\/","title":{"rendered":"Inventaire d\u2019occasion"},"content":{"rendered":"<p>Envie de vous procurer une nouvelle machine sans la facture d\u2019un <a href=\"https:\/\/motorsportsmaroc.com\/fr\/inventaire-neuf\/\">v\u00e9hicule neuf<\/a>? Notre <strong>inventaire d\u2019occasion<\/strong> est l\u2019endroit o\u00f9 il faut \u00eatre!<\/p>\n<div class=\"textMore\">\n<p>Notre inventaire de bolides de seconde main inclut, entre autres, des <strong>motos<\/strong>, <b>buggys <\/b>et <strong>motomarines<\/strong>\u00a0de toutes les grandes marques. Soyez rassur\u00e9s, tous nos produits usag\u00e9s sont soumis \u00e0 l\u2019<strong>inspection rigoureuse de notre \u00e9quipe de techniciens d\u2019exp\u00e9rience<\/strong>. Avec notre <a href=\"https:\/\/motorsportsmaroc.com\/fr\/service-apres-vente\/\">d\u00e9partement de service<\/a> comp\u00e9tent, partez \u00e0 l\u2019aventure l\u2019esprit tranquille!<\/p>\n<p>Un mod\u00e8le en particulier vous est tomb\u00e9 dans l&rsquo;\u0153il? Vous avez des questions concernant notre inventaire d\u2019occasion? <a href=\"https:\/\/motorsportsmaroc.com\/fr\/contact\/\">Contactez notre \u00e9quipe d\u2019experts<\/a>! Ils sauront vous guider et vous conseiller avec plaisir.<\/p>\n<p>Passez nous voir en concession chez Motorsports Maroc \u00e0 <strong>Casablanca<\/strong>, au Maroc!<\/p>\n<\/div>\n","protected":false},"excerpt":{"rendered":"<p>Envie de vous procurer une nouvelle machine sans la facture d\u2019un v\u00e9hicule neuf? Notre inventaire d\u2019occasion est l\u2019endroit o\u00f9 il faut \u00eatre! Notre inventaire de bolides de seconde main inclut, entre autres, des motos, buggys et motomarines\u00a0de toutes les grandes marques. Soyez rassur\u00e9s, tous nos produits usag\u00e9s sont soumis \u00e0 l\u2019inspection rigoureuse de notre \u00e9quipe &hellip; <a href=\"https:\/\/motorsportsmaroc.com\/fr\/produits-occasion\/\">Suite<\/a><\/p>\n","protected":false},"author":1,"featured_media":0,"parent":0,"menu_order":0,"comment_status":"closed","ping_status":"closed","template":"template-listing-used-products.php","meta":[],"acf":{"content_featured_type":"","page_arg_used":true,"page_arg_custom":false,"page_arg_filters_used":[{"field":"condition","compare":"=","value":"V\u00e9hicule d'occasion","type":""}],"contact_form_custom_html_id":""},"_links":{"self":[{"href":"https:\/\/motorsportsmaroc.com\/fr\/wp-json\/wp\/v2\/pages\/303"}],"collection":[{"href":"https:\/\/motorsportsmaroc.com\/fr\/wp-json\/wp\/v2\/pages"}],"about":[{"href":"https:\/\/motorsportsmaroc.com\/fr\/wp-json\/wp\/v2\/types\/page"}],"author":[{"embeddable":true,"href":"https:\/\/motorsportsmaroc.com\/fr\/wp-json\/wp\/v2\/users\/1"}],"replies":[{"embeddable":true,"href":"https:\/\/motorsportsmaroc.com\/fr\/wp-json\/wp\/v2\/comments?post=303"}],"version-history":[{"count":13,"href":"https:\/\/motorsportsmaroc.com\/fr\/wp-json\/wp\/v2\/pages\/303\/revisions"}],"predecessor-version":[{"id":29941,"href":"https:\/\/motorsportsmaroc.com\/fr\/wp-json\/wp\/v2\/pages\/303\/revisions\/29941"}],"wp:attachment":[{"href":"https:\/\/motorsportsmaroc.com\/fr\/wp-json\/wp\/v2\/media?parent=303"}],"curies":[{"name":"wp","href":"https:\/\/api.w.org\/{rel}","templated":true}]}}